{"id":608,"date":"2024-10-12T13:21:49","date_gmt":"2024-10-12T13:21:49","guid":{"rendered":"https:\/\/lacotidiana.es\/?post_type=product&#038;p=608"},"modified":"2025-12-14T14:34:52","modified_gmt":"2025-12-14T14:34:52","slug":"hummus","status":"publish","type":"product","link":"https:\/\/lacotidiana.es\/en\/carta\/hummus\/","title":{"rendered":"hummus"},"content":{"rendered":"<p>Nuestro hummus casero, hecho con garbanzo y servido con pan de s\u00e9samo y centeno. Una forma f\u00e1cil y sabrosa de a\u00f1adir prote\u00edna vegetal a tus aperitivos.<\/p>","protected":false},"excerpt":{"rendered":"<p>Classic and creamy. with rye and sesame bread crackers.<\/p>","protected":false},"featured_media":943,"template":"","meta":[],"product_brand":[],"product_cat":[35],"product_tag":[60,70,71],"class_list":{"0":"post-608","1":"product","2":"type-product","3":"status-publish","4":"has-post-thumbnail","6":"product_cat-vegetal","7":"product_tag-gluten","8":"product_tag-sesamo","9":"product_tag-sulfitos","11":"first","12":"instock","13":"taxable","14":"shipping-taxable","15":"purchasable","16":"product-type-simple"},"aioseo_notices":[],"_links":{"self":[{"href":"https:\/\/lacotidiana.es\/en\/wp-json\/wp\/v2\/product\/608","targetHints":{"allow":["GET"]}}],"collection":[{"href":"https:\/\/lacotidiana.es\/en\/wp-json\/wp\/v2\/product"}],"about":[{"href":"https:\/\/lacotidiana.es\/en\/wp-json\/wp\/v2\/types\/product"}],"wp:featuredmedia":[{"embeddable":true,"href":"https:\/\/lacotidiana.es\/en\/wp-json\/wp\/v2\/media\/943"}],"wp:attachment":[{"href":"https:\/\/lacotidiana.es\/en\/wp-json\/wp\/v2\/media?parent=608"}],"wp:term":[{"taxonomy":"product_brand","embeddable":true,"href":"https:\/\/lacotidiana.es\/en\/wp-json\/wp\/v2\/product_brand?post=608"},{"taxonomy":"product_cat","embeddable":true,"href":"https:\/\/lacotidiana.es\/en\/wp-json\/wp\/v2\/product_cat?post=608"},{"taxonomy":"product_tag","embeddable":true,"href":"https:\/\/lacotidiana.es\/en\/wp-json\/wp\/v2\/product_tag?post=608"}],"curies":[{"name":"wp","href":"https:\/\/api.w.org\/{rel}","templated":true}]}}