{"id":506,"date":"2024-09-30T16:11:56","date_gmt":"2024-09-30T16:11:56","guid":{"rendered":"https:\/\/lacotidiana.es\/?post_type=product&#038;p=506"},"modified":"2025-12-14T17:12:28","modified_gmt":"2025-12-14T17:12:28","slug":"lasana","status":"publish","type":"product","link":"https:\/\/lacotidiana.es\/en\/carta\/lasana\/","title":{"rendered":"\"volognese\" lasagna"},"content":{"rendered":"<p>Una deliciosa lasa\u00f1a con una &#8216;volo\u00f1esa&#8217; y &#8216;vechamel&#8217; de inspiraci\u00f3n cl\u00e1sica, apta para quienes siguen una dieta vegana, pero perfecta para todos los p\u00fablicos. Utilizamos soja texturizada para la &#8216;volo\u00f1esa&#8217; y aceite de oliva infusionado con ajo y tomillo, harina y bebida vegetal de soja para la &#8216;vechamel&#8217;. Una forma sencilla y sabrosa de reducir el consumo de carne, aumentar la ingesta de legumbres y disfrutar de un plato casero lleno de sabor, manteniendo la textura y el gusto que todos conocemos, sin renunciar a nada.<\/p>","protected":false},"excerpt":{"rendered":"<p>our vegan lasagna, with textured soy protein and soy milk \"vechamel\"<\/p>","protected":false},"featured_media":536,"template":"","meta":[],"product_brand":[],"product_cat":[35],"product_tag":[60,65],"class_list":{"0":"post-506","1":"product","2":"type-product","3":"status-publish","4":"has-post-thumbnail","6":"product_cat-vegetal","7":"product_tag-gluten","8":"product_tag-soja","10":"first","11":"instock","12":"featured","13":"taxable","14":"shipping-taxable","15":"purchasable","16":"product-type-simple"},"aioseo_notices":[],"_links":{"self":[{"href":"https:\/\/lacotidiana.es\/en\/wp-json\/wp\/v2\/product\/506","targetHints":{"allow":["GET"]}}],"collection":[{"href":"https:\/\/lacotidiana.es\/en\/wp-json\/wp\/v2\/product"}],"about":[{"href":"https:\/\/lacotidiana.es\/en\/wp-json\/wp\/v2\/types\/product"}],"wp:featuredmedia":[{"embeddable":true,"href":"https:\/\/lacotidiana.es\/en\/wp-json\/wp\/v2\/media\/536"}],"wp:attachment":[{"href":"https:\/\/lacotidiana.es\/en\/wp-json\/wp\/v2\/media?parent=506"}],"wp:term":[{"taxonomy":"product_brand","embeddable":true,"href":"https:\/\/lacotidiana.es\/en\/wp-json\/wp\/v2\/product_brand?post=506"},{"taxonomy":"product_cat","embeddable":true,"href":"https:\/\/lacotidiana.es\/en\/wp-json\/wp\/v2\/product_cat?post=506"},{"taxonomy":"product_tag","embeddable":true,"href":"https:\/\/lacotidiana.es\/en\/wp-json\/wp\/v2\/product_tag?post=506"}],"curies":[{"name":"wp","href":"https:\/\/api.w.org\/{rel}","templated":true}]}}