{"id":500,"date":"2024-09-30T16:08:00","date_gmt":"2024-09-30T16:08:00","guid":{"rendered":"https:\/\/lacotidiana.es\/?post_type=product&#038;p=500"},"modified":"2026-04-16T13:30:10","modified_gmt":"2026-04-16T13:30:10","slug":"fideos-de-arroz","status":"publish","type":"product","link":"https:\/\/lacotidiana.es\/en\/carta\/fideos-de-arroz\/","title":{"rendered":"rice noodles"},"content":{"rendered":"<p>Fideos de arroz salteados con verduras, ajo y jengibre, acompa\u00f1ados de salsa de soja sin gluten y cacahuetes. Una opci\u00f3n ligera y equilibrada, apta para cel\u00edacos.<\/p>","protected":false},"excerpt":{"rendered":"<p>stir-fried with vegetables, garlic and ginger, peanuts and gluten-free soy sauce<\/p>","protected":false},"featured_media":535,"template":"","meta":[],"product_brand":[],"product_cat":[35],"product_tag":[64,65],"class_list":{"0":"post-500","1":"product","2":"type-product","3":"status-publish","4":"has-post-thumbnail","6":"product_cat-vegetal","7":"product_tag-cacahuetes","8":"product_tag-soja","10":"first","11":"instock","12":"featured","13":"taxable","14":"shipping-taxable","15":"purchasable","16":"product-type-simple"},"aioseo_notices":[],"_links":{"self":[{"href":"https:\/\/lacotidiana.es\/en\/wp-json\/wp\/v2\/product\/500","targetHints":{"allow":["GET"]}}],"collection":[{"href":"https:\/\/lacotidiana.es\/en\/wp-json\/wp\/v2\/product"}],"about":[{"href":"https:\/\/lacotidiana.es\/en\/wp-json\/wp\/v2\/types\/product"}],"wp:featuredmedia":[{"embeddable":true,"href":"https:\/\/lacotidiana.es\/en\/wp-json\/wp\/v2\/media\/535"}],"wp:attachment":[{"href":"https:\/\/lacotidiana.es\/en\/wp-json\/wp\/v2\/media?parent=500"}],"wp:term":[{"taxonomy":"product_brand","embeddable":true,"href":"https:\/\/lacotidiana.es\/en\/wp-json\/wp\/v2\/product_brand?post=500"},{"taxonomy":"product_cat","embeddable":true,"href":"https:\/\/lacotidiana.es\/en\/wp-json\/wp\/v2\/product_cat?post=500"},{"taxonomy":"product_tag","embeddable":true,"href":"https:\/\/lacotidiana.es\/en\/wp-json\/wp\/v2\/product_tag?post=500"}],"curies":[{"name":"wp","href":"https:\/\/api.w.org\/{rel}","templated":true}]}}