{"id":498,"date":"2024-09-30T16:07:28","date_gmt":"2024-09-30T16:07:28","guid":{"rendered":"https:\/\/lacotidiana.es\/?post_type=product&#038;p=498"},"modified":"2025-12-14T14:35:50","modified_gmt":"2025-12-14T14:35:50","slug":"pasta-integral","status":"publish","type":"product","link":"https:\/\/lacotidiana.es\/en\/carta\/pasta-integral\/","title":{"rendered":"whole wheat pasta"},"content":{"rendered":"<p>Pasta integral con setas portobello e hinojo salteados, acompa\u00f1ados de perejil fresco. La cremosa salsa de miso, elaborada con pasta de miso, salsa de soja y el agua de cocci\u00f3n de la pasta, une los sabores de manera deliciosa, creando una combinaci\u00f3n perfecta de texturas y sabor.<\/p>","protected":false},"excerpt":{"rendered":"<p>with stir fried portobello mushrooms and fennel and miso sauce<\/p>","protected":false},"featured_media":537,"template":"","meta":[],"product_brand":[],"product_cat":[35],"product_tag":[60,65],"class_list":{"0":"post-498","1":"product","2":"type-product","3":"status-publish","4":"has-post-thumbnail","6":"product_cat-vegetal","7":"product_tag-gluten","8":"product_tag-soja","10":"first","11":"instock","12":"taxable","13":"shipping-taxable","14":"purchasable","15":"product-type-simple"},"aioseo_notices":[],"_links":{"self":[{"href":"https:\/\/lacotidiana.es\/en\/wp-json\/wp\/v2\/product\/498","targetHints":{"allow":["GET"]}}],"collection":[{"href":"https:\/\/lacotidiana.es\/en\/wp-json\/wp\/v2\/product"}],"about":[{"href":"https:\/\/lacotidiana.es\/en\/wp-json\/wp\/v2\/types\/product"}],"wp:featuredmedia":[{"embeddable":true,"href":"https:\/\/lacotidiana.es\/en\/wp-json\/wp\/v2\/media\/537"}],"wp:attachment":[{"href":"https:\/\/lacotidiana.es\/en\/wp-json\/wp\/v2\/media?parent=498"}],"wp:term":[{"taxonomy":"product_brand","embeddable":true,"href":"https:\/\/lacotidiana.es\/en\/wp-json\/wp\/v2\/product_brand?post=498"},{"taxonomy":"product_cat","embeddable":true,"href":"https:\/\/lacotidiana.es\/en\/wp-json\/wp\/v2\/product_cat?post=498"},{"taxonomy":"product_tag","embeddable":true,"href":"https:\/\/lacotidiana.es\/en\/wp-json\/wp\/v2\/product_tag?post=498"}],"curies":[{"name":"wp","href":"https:\/\/api.w.org\/{rel}","templated":true}]}}