{"id":1161,"date":"2024-11-03T15:25:47","date_gmt":"2024-11-03T15:25:47","guid":{"rendered":"https:\/\/lacotidiana.es\/?page_id=1161"},"modified":"2025-06-26T08:54:37","modified_gmt":"2025-06-26T08:54:37","slug":"politica-de-privacidad","status":"publish","type":"page","link":"https:\/\/lacotidiana.es\/en\/politica-de-privacidad\/","title":{"rendered":"pol\u00edtica de privacidad"},"content":{"rendered":"<div class=\"wp-block-group is-layout-flow wp-container-core-group-is-layout-d111018a wp-block-group-is-layout-flow\" style=\"padding-right:var(--wp--preset--spacing--40);padding-left:var(--wp--preset--spacing--40)\">\n<div class=\"wp-block-group is-layout-flow wp-container-core-group-is-layout-287f94af wp-block-group-is-layout-flow\" style=\"padding-top:0;padding-right:0;padding-bottom:0;padding-left:0\">\n<h4 class=\"wp-block-heading has-medium-font-size\">Datos del responsable del tratamiento:&nbsp;<\/h4>\n\n\n\n<p>la cotidiana casa de comidas s.l. &#8211; NIF: B55482483&nbsp;&nbsp;<\/p>\n\n\n\n<p>Direcci\u00f3n postal: P.\u00ba de Juan Antonio Vallejo-N\u00e1jera Botas, 29, local A, 28005 MADRID&nbsp;<\/p>\n\n\n\n<p>Tel\u00e9fono: 684738011 &#8211; Correo electr\u00f3nico: lacotidiana.casadecomidas@gmail.com<\/p>\n<\/div>\n\n\n\n<p>En la cotidiana casa de comidas s.l. tratamos la informaci\u00f3n que nos facilita con el fin de prestarles el servicio solicitado o enviare la informaci\u00f3n requerida. Los datos proporcionados se conservar\u00e1n mientras no nos solicite el cese de la actividad. Los datos no se ceder\u00e1n a terceros salvo en los casos en que exista una obligaci\u00f3n legal. Usted tiene derecho a obtener informaci\u00f3n sobre si en la cotidiana casa de comidas s.l. estamos tratando sus datos personales, por lo que puede ejercer sus derechos de acceso, rectificaci\u00f3n, supresi\u00f3n y portabilidad de datos y oposici\u00f3n y limitaci\u00f3n a su tratamiento ante la cotidiana casa de comidas s.l., P.\u00ba de Juan Antonio Vallejo-N\u00e1jera Botas, 29, local A, 28005 MADRID o en la direcci\u00f3n electr\u00f3nica lacotidiana.casadecomidas@gmail.com, identific\u00e1ndose suficientemente en su solicitud por medios electr\u00f3nicos o, en su defecto, mediante solicitud debidamente firmada. No obstante, si el responsable del tratamiento tuviese dudas razonables en relaci\u00f3n con la identidad de la persona f\u00edsica que cursa la solicitud podr\u00e1 solicitar que se facilite informaci\u00f3n adicional necesaria para confirmar su identidad. Asimismo, y especialmente si considera que no ha obtenido satisfacci\u00f3n plena en el ejercicio de sus derechos, podr\u00e1 presentar una reclamaci\u00f3n ante la autoridad nacional de control dirigi\u00e9ndose a estos efectos a la Agencia Espa\u00f1ola de Protecci\u00f3n de Datos, C\/ Jorge Juan, 6 \u2013 28001 Madrid<\/p>\n<\/div>","protected":false},"excerpt":{"rendered":"<p>Datos del responsable del tratamiento:&nbsp; la cotidiana casa de comidas s.l. &#8211; NIF: B55482483&nbsp;&nbsp; Direcci\u00f3n postal: P.\u00ba de Juan Antonio Vallejo-N\u00e1jera Botas, 29, local A, 28005 MADRID&nbsp; Tel\u00e9fono: 684738011 &#8211; Correo electr\u00f3nico: lacotidiana.casadecomidas@gmail.com En la cotidiana casa de comidas s.l. tratamos la informaci\u00f3n que nos facilita con el fin de prestarles el servicio solicitado o [&hellip;]<\/p>\n","protected":false},"author":1,"featured_media":0,"parent":0,"menu_order":0,"comment_status":"closed","ping_status":"closed","template":"no-title-sticky-header","meta":{"footnotes":""},"class_list":["post-1161","page","type-page","status-publish","hentry"],"aioseo_notices":[],"_links":{"self":[{"href":"https:\/\/lacotidiana.es\/en\/wp-json\/wp\/v2\/pages\/1161","targetHints":{"allow":["GET"]}}],"collection":[{"href":"https:\/\/lacotidiana.es\/en\/wp-json\/wp\/v2\/pages"}],"about":[{"href":"https:\/\/lacotidiana.es\/en\/wp-json\/wp\/v2\/types\/page"}],"author":[{"embeddable":true,"href":"https:\/\/lacotidiana.es\/en\/wp-json\/wp\/v2\/users\/1"}],"replies":[{"embeddable":true,"href":"https:\/\/lacotidiana.es\/en\/wp-json\/wp\/v2\/comments?post=1161"}],"version-history":[{"count":14,"href":"https:\/\/lacotidiana.es\/en\/wp-json\/wp\/v2\/pages\/1161\/revisions"}],"predecessor-version":[{"id":2043,"href":"https:\/\/lacotidiana.es\/en\/wp-json\/wp\/v2\/pages\/1161\/revisions\/2043"}],"wp:attachment":[{"href":"https:\/\/lacotidiana.es\/en\/wp-json\/wp\/v2\/media?parent=1161"}],"curies":[{"name":"wp","href":"https:\/\/api.w.org\/{rel}","templated":true}]}}